{"id":13,"date":"2015-07-21T09:54:18","date_gmt":"2015-07-21T09:54:18","guid":{"rendered":"http:\/\/fuentenarro.com\/?page_id=13"},"modified":"2020-01-23T13:06:05","modified_gmt":"2020-01-23T12:06:05","slug":"vinedos-propios","status":"publish","type":"page","link":"https:\/\/fuentenarro.com\/fr\/vinedos-propios\/","title":{"rendered":"Propres vignobles"},"content":{"rendered":"<div class=\"wpb-content-wrapper\"><p>[vc_row][vc_column width=\u00a0\u00bb1\/1&Prime;][vc_column_text]<\/p>\n<h1 style=\"text-align: center;\"><strong>Propres vignobles<\/strong><\/h1>\n<p>[\/vc_column_text][vc_column_text]La culture de la vigne dans cette r\u00e9gion remonte \u00e0 2 000 ans auparavant et depuis ce temps-l\u00e0, le vin et les vignobles sont des \u00e9l\u00e9ments fondamentaux du d\u00e9veloppement culturel et \u00e9conomique de la r\u00e9gion.<\/p>\n<p>La <strong>climatologie<\/strong> de la Ribera del Duero se caract\u00e9rise par une faible pluviosit\u00e9 (450 mm \/ an) et des \u00e9t\u00e9s secs et chauds atteignant 42\u00baC, avec des hivers longs et extr\u00eames, atteignant parfois -15 \u00b0 C.<\/p>\n<p>La <strong>hauteur<\/strong> de nos vignobles se situe entre 812 et 860 m\u00e8tres d&rsquo;altitude.<\/p>\n<p>Les <strong>sols<\/strong> sont recouverts de s\u00e9diments tertiaires, constitu\u00e9s de couches de sables limoneux ou argileux, avec une bonne r\u00e9tention d&rsquo;eau qui garde la terre fra\u00eeche m\u00eame en p\u00e9riode de fortes chaleurs.[\/vc_column_text][\/vc_column][\/vc_row][vc_row top_padding=\u00a0\u00bb20&Prime; bottom_padding=\u00a0\u00bb20&Prime;][vc_column width=\u00a0\u00bb1\/4&Prime;]<div class=\"single_image wpb_content_element align-left  animate   \" data-animation=\"fade-in-from-top\" data-delay=\"0\"><a href=\"https:\/\/fuentenarro.com\/wp-content\/uploads\/2015\/07\/foto-vi\u00f1edo-1-e1454666751440.png\" class=\"prettyPhoto\" rel=\"prettyPhoto[image]\"><img loading=\"lazy\" decoding=\"async\" width=\"442\" height=\"532\" src=\"https:\/\/fuentenarro.com\/wp-content\/uploads\/2015\/07\/foto-vi\u00f1edo-1-e1454666751440.png\" class=\"attachment-full\" alt=\"foto-vi\u00f1edo-1\" title=\"foto-vi\u00f1edo-1\" srcset=\"https:\/\/fuentenarro.com\/wp-content\/uploads\/2015\/07\/foto-vi\u00f1edo-1-e1454666751440.png 442w, https:\/\/fuentenarro.com\/wp-content\/uploads\/2015\/07\/foto-vi\u00f1edo-1-e1454666751440-249x300.png 249w\" sizes=\"auto, (max-width: 442px) 100vw, 442px\" \/><\/a><\/div>[\/vc_column][vc_column width=\u00a0\u00bb1\/2&Prime;]<div class=\"single_image wpb_content_element align-left  animate   \" data-animation=\"fade-in-from-top\" data-delay=\"0\"><a href=\"https:\/\/fuentenarro.com\/wp-content\/uploads\/2015\/07\/foto-vi\u00f1edo-2-e1454666833833.png\" class=\"prettyPhoto\" rel=\"prettyPhoto[image]\"><img loading=\"lazy\" decoding=\"async\" width=\"886\" height=\"482\" src=\"https:\/\/fuentenarro.com\/wp-content\/uploads\/2015\/07\/foto-vi\u00f1edo-2-e1454666833833.png\" class=\"attachment-full\" alt=\"foto-vi\u00f1edo-2\" title=\"foto-vi\u00f1edo-2\" srcset=\"https:\/\/fuentenarro.com\/wp-content\/uploads\/2015\/07\/foto-vi\u00f1edo-2-e1454666833833.png 886w, https:\/\/fuentenarro.com\/wp-content\/uploads\/2015\/07\/foto-vi\u00f1edo-2-e1454666833833-300x163.png 300w, https:\/\/fuentenarro.com\/wp-content\/uploads\/2015\/07\/foto-vi\u00f1edo-2-e1454666833833-768x418.png 768w\" sizes=\"auto, (max-width: 886px) 100vw, 886px\" \/><\/a><\/div>[\/vc_column][vc_column width=\u00a0\u00bb1\/4&Prime;]<div class=\"single_image wpb_content_element align-left  animate   \" data-animation=\"fade-in-from-top\" data-delay=\"0\"><a href=\"https:\/\/fuentenarro.com\/wp-content\/uploads\/2015\/07\/foto-hoja-e1454666681431.png\" class=\"prettyPhoto\" rel=\"prettyPhoto[image]\"><img loading=\"lazy\" decoding=\"async\" width=\"443\" height=\"532\" src=\"https:\/\/fuentenarro.com\/wp-content\/uploads\/2015\/07\/foto-hoja-e1454666681431.png\" class=\"attachment-full\" alt=\"foto-hoja\" title=\"foto-hoja\" \/><\/a><\/div>[\/vc_column][\/vc_row][vc_row][vc_column width=\u00a0\u00bb1\/1&Prime;][vc_column_text]<\/p>\n<p style=\"text-align: justify;\">Les <strong>vignes<\/strong> sont orient\u00e9es vers le sud, avec des pins, des ch\u00eanes verts et des ch\u00eanes, cr\u00e9ant un microclimat parfait pour la culture de la vigne et la prot\u00e9ger des brusques changements de temp\u00e9rature arriv\u00e9s du nord de l&rsquo;Espagne.<br \/>\nLe clone de la vari\u00e9t\u00e9 <strong>Tempranillo<\/strong> de nos vignobles provient des souches fran\u00e7aises pr\u00e9-phyllox\u00e9ra, que les Fr\u00e8res de la Sagrada Familia ont apport\u00e9es en 1908, et qui ont consacr\u00e9 leur travail dans les ann\u00e9es suivantes \u00e0 la plantation de nouvelles souches, dot\u00e9es de ce magnifique clone de Tempranillo. Celui-l\u00e0 s\u2019a adapt\u00e9 parfaitement au type de terrain et aux conditions climatiques extr\u00eames de notre ville, et \u00e0 l\u2019origine de vins reconnus dans le monde entier comme l\u2019une des meilleures r\u00e9gions du monde pour la culture de la vari\u00e9t\u00e9 Tempranillo,<\/p>\n<p>[\/vc_column_text][\/vc_column][\/vc_row][vc_row top_padding=\u00a0\u00bb20&Prime; bottom_padding=\u00a0\u00bb20&Prime;][vc_column width=\u00a0\u00bb1\/2&Prime;]<div class=\"single_image wpb_content_element align-left  animate   \" data-animation=\"fade-in-from-top\" data-delay=\"0\"><a href=\"https:\/\/fuentenarro.com\/wp-content\/uploads\/2020\/01\/flores-vinedo.jpg\" class=\"prettyPhoto\" rel=\"prettyPhoto[image]\"><img loading=\"lazy\" decoding=\"async\" width=\"400\" height=\"300\" src=\"https:\/\/fuentenarro.com\/wp-content\/uploads\/2020\/01\/flores-vinedo.jpg\" class=\"attachment-full\" alt=\"\" title=\"flores-vinedo\" srcset=\"https:\/\/fuentenarro.com\/wp-content\/uploads\/2020\/01\/flores-vinedo.jpg 400w, https:\/\/fuentenarro.com\/wp-content\/uploads\/2020\/01\/flores-vinedo-300x225.jpg 300w\" sizes=\"auto, (max-width: 400px) 100vw, 400px\" \/><\/a><\/div>[\/vc_column][vc_column width=\u00a0\u00bb1\/2&Prime;]<div class=\"single_image wpb_content_element align-left  animate   \" data-animation=\"fade-in-from-top\" data-delay=\"0\"><a href=\"https:\/\/fuentenarro.com\/wp-content\/uploads\/2020\/01\/cepa.jpg\" class=\"prettyPhoto\" rel=\"prettyPhoto[image]\"><img loading=\"lazy\" decoding=\"async\" width=\"400\" height=\"300\" src=\"https:\/\/fuentenarro.com\/wp-content\/uploads\/2020\/01\/cepa.jpg\" class=\"attachment-full\" alt=\"\" title=\"cepa\" srcset=\"https:\/\/fuentenarro.com\/wp-content\/uploads\/2020\/01\/cepa.jpg 400w, https:\/\/fuentenarro.com\/wp-content\/uploads\/2020\/01\/cepa-300x225.jpg 300w\" sizes=\"auto, (max-width: 400px) 100vw, 400px\" \/><\/a><\/div>[\/vc_column][\/vc_row][vc_row][vc_column width=\u00a0\u00bb1\/1&Prime;][vc_column_text]Tous nos vignobles sont situ\u00e9s dans la municipalit\u00e9 de La Horra, dans la province de Burgos. Les vignobles de notre famille ont un \u00e2ge allant de 23 ans au plus jeune, au plus vieux vignoble de 90 ans. Avec une production limit\u00e9e (3.500 Kg \/ Hectare) s\u00e9lectionnant les meilleurs raisins pour la production de nos vins.<\/p>\n<p>L&rsquo;ensemble de tous ces param\u00e8tres d\u00e9crits ci-dessus, la terre, la vari\u00e9t\u00e9, la climatologie, donne naissance \u00e0 des raisins de la meilleure qualit\u00e9 pour la production de vins avec une excellente structure, de l\u2019\u00e9l\u00e9gance et tr\u00e8s caract\u00e9ristiques du terroir.[\/vc_column_text][\/vc_column][\/vc_row]<\/p>\n<\/div>","protected":false},"excerpt":{"rendered":"<p>[vc_row][vc_column width=\u00a0\u00bb1\/1&Prime;][vc_column_text] Propres vignobles [\/vc_column_text][vc_column_text]La culture de la vigne dans cette r\u00e9gion remonte \u00e0 2 000 ans auparavant et depuis ce temps-l\u00e0, le vin et les vignobles sont des \u00e9l\u00e9ments fondamentaux du d\u00e9veloppement culturel et \u00e9conomique de la r\u00e9gion. La climatologie de la Ribera del Duero se caract\u00e9rise par une faible pluviosit\u00e9 (450 mm \/ an) et des \u00e9t\u00e9s secs et chauds atteignant 42\u00baC, avec des hivers longs et extr\u00eames, atteignant parfois -15 \u00b0 C. La hauteur de nos vignobles se situe entre 812 et 860 m\u00e8tres d&rsquo;altitude. Les sols sont recouverts de s\u00e9diments tertiaires, constitu\u00e9s de couches de sables limoneux ou argileux, avec une bonne r\u00e9tention d&rsquo;eau qui garde la terre fra\u00eeche m\u00eame en p\u00e9riode de fortes chaleurs.[\/vc_column_text][\/vc_column][\/vc_row][vc_row top_padding=\u00a0\u00bb20&Prime; bottom_padding=\u00a0\u00bb20&Prime;][vc_column width=\u00a0\u00bb1\/4&Prime;][\/vc_column][vc_column width=\u00a0\u00bb1\/2&Prime;][\/vc_column][vc_column width=\u00a0\u00bb1\/4&Prime;][\/vc_column][\/vc_row][vc_row][vc_column width=\u00a0\u00bb1\/1&Prime;][vc_column_text] Les vignes sont orient\u00e9es vers le sud, avec des pins, des ch\u00eanes verts et des ch\u00eanes, cr\u00e9ant un microclimat parfait pour la culture de la vigne et la prot\u00e9ger des brusques changements de temp\u00e9rature arriv\u00e9s du nord de l&rsquo;Espagne. Le clone de la vari\u00e9t\u00e9 Tempranillo de nos vignobles provient des souches fran\u00e7aises pr\u00e9-phyllox\u00e9ra, que les Fr\u00e8res de la Sagrada Familia ont apport\u00e9es en 1908, et qui ont consacr\u00e9 leur travail dans les ann\u00e9es suivantes \u00e0 [&hellip;]<\/p>\n","protected":false},"author":1,"featured_media":0,"parent":0,"menu_order":0,"comment_status":"closed","ping_status":"closed","template":"","meta":{"footnotes":""},"class_list":["post-13","page","type-page","status-publish","hentry"],"yoast_head":"<!-- This site is optimized with the Yoast SEO plugin v24.3 - https:\/\/yoast.com\/wordpress\/plugins\/seo\/ -->\n<title>Propres vignobles - Bodegas Fuentenarro<\/title>\n<meta name=\"robots\" content=\"index, follow, max-snippet:-1, max-image-preview:large, max-video-preview:-1\" \/>\n<link rel=\"canonical\" href=\"https:\/\/fuentenarro.com\/vinedos-propios\/\" \/>\n<meta property=\"og:locale\" content=\"fr_FR\" \/>\n<meta property=\"og:type\" content=\"article\" \/>\n<meta property=\"og:title\" content=\"[:es]Vi\u00f1edos Propios[:en]Vineyards[:fr]Propres vignobles[:] - Bodegas Fuentenarro\" \/>\n<meta property=\"og:description\" content=\"[vc_row][vc_column width=\u00a0\u00bb1\/1&Prime;][vc_column_text] Propres vignobles [\/vc_column_text][vc_column_text]La culture de la vigne dans cette r\u00e9gion remonte \u00e0 2 000 ans auparavant et depuis ce temps-l\u00e0, le vin et les vignobles sont des \u00e9l\u00e9ments fondamentaux du d\u00e9veloppement culturel et \u00e9conomique de la r\u00e9gion. La climatologie de la Ribera del Duero se caract\u00e9rise par une faible pluviosit\u00e9 (450 mm \/ an) et des \u00e9t\u00e9s secs et chauds atteignant 42\u00baC, avec des hivers longs et extr\u00eames, atteignant parfois -15 \u00b0 C. La hauteur de nos vignobles se situe entre 812 et 860 m\u00e8tres d&rsquo;altitude. Les sols sont recouverts de s\u00e9diments tertiaires, constitu\u00e9s de couches de sables limoneux ou argileux, avec une bonne r\u00e9tention d&rsquo;eau qui garde la terre fra\u00eeche m\u00eame en p\u00e9riode de fortes chaleurs.[\/vc_column_text][\/vc_column][\/vc_row][vc_row top_padding=\u00a0\u00bb20&Prime; bottom_padding=\u00a0\u00bb20&Prime;][vc_column width=\u00a0\u00bb1\/4&Prime;][\/vc_column][vc_column width=\u00a0\u00bb1\/2&Prime;][\/vc_column][vc_column width=\u00a0\u00bb1\/4&Prime;][\/vc_column][\/vc_row][vc_row][vc_column width=\u00a0\u00bb1\/1&Prime;][vc_column_text] Les vignes sont orient\u00e9es vers le sud, avec des pins, des ch\u00eanes verts et des ch\u00eanes, cr\u00e9ant un microclimat parfait pour la culture de la vigne et la prot\u00e9ger des brusques changements de temp\u00e9rature arriv\u00e9s du nord de l&rsquo;Espagne. Le clone de la vari\u00e9t\u00e9 Tempranillo de nos vignobles provient des souches fran\u00e7aises pr\u00e9-phyllox\u00e9ra, que les Fr\u00e8res de la Sagrada Familia ont apport\u00e9es en 1908, et qui ont consacr\u00e9 leur travail dans les ann\u00e9es suivantes \u00e0 [&hellip;]\" \/>\n<meta property=\"og:url\" content=\"https:\/\/fuentenarro.com\/vinedos-propios\/\" \/>\n<meta property=\"og:site_name\" content=\"Bodegas Fuentenarro\" \/>\n<meta property=\"article:modified_time\" content=\"2020-01-23T12:06:05+00:00\" \/>\n<meta name=\"twitter:card\" content=\"summary_large_image\" \/>\n<meta name=\"twitter:label1\" content=\"Dur\u00e9e de lecture estim\u00e9e\" \/>\n\t<meta name=\"twitter:data1\" content=\"10 minutes\" \/>\n<script type=\"application\/ld+json\" class=\"yoast-schema-graph\">{\"@context\":\"https:\/\/schema.org\",\"@graph\":[{\"@type\":\"WebPage\",\"@id\":\"https:\/\/fuentenarro.com\/vinedos-propios\/\",\"url\":\"https:\/\/fuentenarro.com\/vinedos-propios\/\",\"name\":\"[:es]Vi\u00f1edos Propios[:en]Vineyards[:fr]Propres vignobles[:] - Bodegas Fuentenarro\",\"isPartOf\":{\"@id\":\"https:\/\/fuentenarro.com\/#website\"},\"datePublished\":\"2015-07-21T09:54:18+00:00\",\"dateModified\":\"2020-01-23T12:06:05+00:00\",\"breadcrumb\":{\"@id\":\"https:\/\/fuentenarro.com\/vinedos-propios\/#breadcrumb\"},\"inLanguage\":\"fr-FR\",\"potentialAction\":[{\"@type\":\"ReadAction\",\"target\":[\"https:\/\/fuentenarro.com\/vinedos-propios\/\"]}]},{\"@type\":\"BreadcrumbList\",\"@id\":\"https:\/\/fuentenarro.com\/vinedos-propios\/#breadcrumb\",\"itemListElement\":[{\"@type\":\"ListItem\",\"position\":1,\"name\":\"Portada\",\"item\":\"https:\/\/fuentenarro.com\/\"},{\"@type\":\"ListItem\",\"position\":2,\"name\":\"Vi\u00f1edos Propios\"}]},{\"@type\":\"WebSite\",\"@id\":\"https:\/\/fuentenarro.com\/#website\",\"url\":\"https:\/\/fuentenarro.com\/\",\"name\":\"Bodegas Fuentenarro\",\"description\":\"\",\"potentialAction\":[{\"@type\":\"SearchAction\",\"target\":{\"@type\":\"EntryPoint\",\"urlTemplate\":\"https:\/\/fuentenarro.com\/?s={search_term_string}\"},\"query-input\":{\"@type\":\"PropertyValueSpecification\",\"valueRequired\":true,\"valueName\":\"search_term_string\"}}],\"inLanguage\":\"fr-FR\"}]}<\/script>\n<!-- \/ Yoast SEO plugin. -->","yoast_head_json":{"title":"[:es]Vi\u00f1edos Propios[:en]Vineyards[:fr]Propres vignobles[:] - Bodegas Fuentenarro","robots":{"index":"index","follow":"follow","max-snippet":"max-snippet:-1","max-image-preview":"max-image-preview:large","max-video-preview":"max-video-preview:-1"},"canonical":"https:\/\/fuentenarro.com\/vinedos-propios\/","og_locale":"fr_FR","og_type":"article","og_title":"[:es]Vi\u00f1edos Propios[:en]Vineyards[:fr]Propres vignobles[:] - Bodegas Fuentenarro","og_description":"[vc_row][vc_column width=\u00a0\u00bb1\/1&Prime;][vc_column_text] Propres vignobles [\/vc_column_text][vc_column_text]La culture de la vigne dans cette r\u00e9gion remonte \u00e0 2 000 ans auparavant et depuis ce temps-l\u00e0, le vin et les vignobles sont des \u00e9l\u00e9ments fondamentaux du d\u00e9veloppement culturel et \u00e9conomique de la r\u00e9gion. La climatologie de la Ribera del Duero se caract\u00e9rise par une faible pluviosit\u00e9 (450 mm \/ an) et des \u00e9t\u00e9s secs et chauds atteignant 42\u00baC, avec des hivers longs et extr\u00eames, atteignant parfois -15 \u00b0 C. La hauteur de nos vignobles se situe entre 812 et 860 m\u00e8tres d&rsquo;altitude. Les sols sont recouverts de s\u00e9diments tertiaires, constitu\u00e9s de couches de sables limoneux ou argileux, avec une bonne r\u00e9tention d&rsquo;eau qui garde la terre fra\u00eeche m\u00eame en p\u00e9riode de fortes chaleurs.[\/vc_column_text][\/vc_column][\/vc_row][vc_row top_padding=\u00a0\u00bb20&Prime; bottom_padding=\u00a0\u00bb20&Prime;][vc_column width=\u00a0\u00bb1\/4&Prime;][\/vc_column][vc_column width=\u00a0\u00bb1\/2&Prime;][\/vc_column][vc_column width=\u00a0\u00bb1\/4&Prime;][\/vc_column][\/vc_row][vc_row][vc_column width=\u00a0\u00bb1\/1&Prime;][vc_column_text] Les vignes sont orient\u00e9es vers le sud, avec des pins, des ch\u00eanes verts et des ch\u00eanes, cr\u00e9ant un microclimat parfait pour la culture de la vigne et la prot\u00e9ger des brusques changements de temp\u00e9rature arriv\u00e9s du nord de l&rsquo;Espagne. Le clone de la vari\u00e9t\u00e9 Tempranillo de nos vignobles provient des souches fran\u00e7aises pr\u00e9-phyllox\u00e9ra, que les Fr\u00e8res de la Sagrada Familia ont apport\u00e9es en 1908, et qui ont consacr\u00e9 leur travail dans les ann\u00e9es suivantes \u00e0 [&hellip;]","og_url":"https:\/\/fuentenarro.com\/vinedos-propios\/","og_site_name":"Bodegas Fuentenarro","article_modified_time":"2020-01-23T12:06:05+00:00","twitter_card":"summary_large_image","twitter_misc":{"Dur\u00e9e de lecture estim\u00e9e":"10 minutes"},"schema":{"@context":"https:\/\/schema.org","@graph":[{"@type":"WebPage","@id":"https:\/\/fuentenarro.com\/vinedos-propios\/","url":"https:\/\/fuentenarro.com\/vinedos-propios\/","name":"[:es]Vi\u00f1edos Propios[:en]Vineyards[:fr]Propres vignobles[:] - Bodegas Fuentenarro","isPartOf":{"@id":"https:\/\/fuentenarro.com\/#website"},"datePublished":"2015-07-21T09:54:18+00:00","dateModified":"2020-01-23T12:06:05+00:00","breadcrumb":{"@id":"https:\/\/fuentenarro.com\/vinedos-propios\/#breadcrumb"},"inLanguage":"fr-FR","potentialAction":[{"@type":"ReadAction","target":["https:\/\/fuentenarro.com\/vinedos-propios\/"]}]},{"@type":"BreadcrumbList","@id":"https:\/\/fuentenarro.com\/vinedos-propios\/#breadcrumb","itemListElement":[{"@type":"ListItem","position":1,"name":"Portada","item":"https:\/\/fuentenarro.com\/"},{"@type":"ListItem","position":2,"name":"Vi\u00f1edos Propios"}]},{"@type":"WebSite","@id":"https:\/\/fuentenarro.com\/#website","url":"https:\/\/fuentenarro.com\/","name":"Bodegas Fuentenarro","description":"","potentialAction":[{"@type":"SearchAction","target":{"@type":"EntryPoint","urlTemplate":"https:\/\/fuentenarro.com\/?s={search_term_string}"},"query-input":{"@type":"PropertyValueSpecification","valueRequired":true,"valueName":"search_term_string"}}],"inLanguage":"fr-FR"}]}},"_links":{"self":[{"href":"https:\/\/fuentenarro.com\/fr\/wp-json\/wp\/v2\/pages\/13","targetHints":{"allow":["GET"]}}],"collection":[{"href":"https:\/\/fuentenarro.com\/fr\/wp-json\/wp\/v2\/pages"}],"about":[{"href":"https:\/\/fuentenarro.com\/fr\/wp-json\/wp\/v2\/types\/page"}],"author":[{"embeddable":true,"href":"https:\/\/fuentenarro.com\/fr\/wp-json\/wp\/v2\/users\/1"}],"replies":[{"embeddable":true,"href":"https:\/\/fuentenarro.com\/fr\/wp-json\/wp\/v2\/comments?post=13"}],"version-history":[{"count":15,"href":"https:\/\/fuentenarro.com\/fr\/wp-json\/wp\/v2\/pages\/13\/revisions"}],"predecessor-version":[{"id":1368,"href":"https:\/\/fuentenarro.com\/fr\/wp-json\/wp\/v2\/pages\/13\/revisions\/1368"}],"wp:attachment":[{"href":"https:\/\/fuentenarro.com\/fr\/wp-json\/wp\/v2\/media?parent=13"}],"curies":[{"name":"wp","href":"https:\/\/api.w.org\/{rel}","templated":true}]}}