{"id":268,"date":"2015-10-16T11:10:31","date_gmt":"2015-10-16T10:10:31","guid":{"rendered":"http:\/\/fuentenarro.com\/?page_id=268"},"modified":"2020-01-23T12:41:00","modified_gmt":"2020-01-23T11:41:00","slug":"historia","status":"publish","type":"page","link":"https:\/\/fuentenarro.com\/fr\/historia\/","title":{"rendered":"L&rsquo;histoire"},"content":{"rendered":"<div class=\"wpb-content-wrapper\"><p>[vc_row][vc_column][vc_column_text]<\/p>\n<h1 style=\"text-align: center;\"><strong>Histoire<\/strong><\/h1>\n<p>[\/vc_column_text][vc_column_text]<\/p>\n<p style=\"text-align: justify;\">Bodegas Fuentenarro c\u2019est un petit domaine viticole familial qui fait partie de la prestigieuse appellation d&rsquo;origine Ribera Del Duero.<\/p>\n<p>[\/vc_column_text]<div class=\"single_image wpb_content_element align-center    \" data-animation=\"none\" data-delay=\"0\"><a href=\"https:\/\/fuentenarro.com\/wp-content\/uploads\/2015\/10\/barricas.png\" class=\"prettyPhoto\" rel=\"prettyPhoto[image]\"><img loading=\"lazy\" decoding=\"async\" width=\"854\" height=\"285\" src=\"https:\/\/fuentenarro.com\/wp-content\/uploads\/2015\/10\/barricas.png\" class=\"attachment-full\" alt=\"foto barricas\" title=\"barricas\" srcset=\"https:\/\/fuentenarro.com\/wp-content\/uploads\/2015\/10\/barricas.png 854w, https:\/\/fuentenarro.com\/wp-content\/uploads\/2015\/10\/barricas-300x100.png 300w, https:\/\/fuentenarro.com\/wp-content\/uploads\/2015\/10\/barricas-768x256.png 768w\" sizes=\"auto, (max-width: 854px) 100vw, 854px\" \/><\/a><\/div>[vc_column_text]<\/p>\n<p style=\"text-align: justify;\">Ses origines remontent \u00e0 plus de 90 ans, lorsque nos grands-parents ont commenc\u00e9 \u00e0 planter leurs premiers vignobles dans la municipalit\u00e9 de La Horra, une petite ville de la province de Burgos situ\u00e9e au c\u0153ur de la Ribera del Duero. C\u2019\u00e9tait le d\u00e9but d\u2019une vie consacr\u00e9e au soin de ses vignobles. En ces ann\u00e9es, le vin de cette r\u00e9gion \u00e9tait d\u00e9j\u00e0 la base de l\u2019\u00e9conomie familiale. Avec beaucoup de travail, de d\u00e9vouement et de sagesse, des nouveaux vignobles ont \u00e9t\u00e9 plant\u00e9s, gr\u00e2ce \u00e0 la recherche des meilleures terres et la s\u00e9lection des meilleurs c\u00e9pages pour chaque vignoble. Petit \u00e0 petit, nous transmettions toute l&rsquo;exp\u00e9rience, l&rsquo;amour pour la terre et le respect de la nature, en perp\u00e9tuant cette tradition familiale.<\/p>\n<p>[\/vc_column_text][\/vc_column][\/vc_row][vc_row top_padding=\u00a0\u00bb20&Prime; bottom_padding=\u00a0\u00bb20&Prime;][vc_column width=\u00a0\u00bb1\/3&Prime;]<div class=\"single_image wpb_content_element align-left    \" data-animation=\"none\" data-delay=\"0\"><a href=\"https:\/\/fuentenarro.com\/wp-content\/uploads\/2015\/10\/bodega.png\" class=\"prettyPhoto\" rel=\"prettyPhoto[image]\"><img loading=\"lazy\" decoding=\"async\" width=\"788\" height=\"525\" src=\"https:\/\/fuentenarro.com\/wp-content\/uploads\/2015\/10\/bodega.png\" class=\"attachment-full\" alt=\"\" title=\"bodega\" srcset=\"https:\/\/fuentenarro.com\/wp-content\/uploads\/2015\/10\/bodega.png 788w, https:\/\/fuentenarro.com\/wp-content\/uploads\/2015\/10\/bodega-300x200.png 300w, https:\/\/fuentenarro.com\/wp-content\/uploads\/2015\/10\/bodega-768x512.png 768w, https:\/\/fuentenarro.com\/wp-content\/uploads\/2015\/10\/bodega-600x400.png 600w\" sizes=\"auto, (max-width: 788px) 100vw, 788px\" \/><\/a><\/div>[\/vc_column][vc_column column_center=\u00a0\u00bbtrue\u00a0\u00bb width=\u00a0\u00bb2\/3&Prime;][vc_column_text]<\/p>\n<p style=\"text-align: justify;\">Tous ces efforts ont comme r\u00e9sultat aujourd\u2019hui, Vi\u00f1a Fuentenarro, le vin de notre famille de vignerons, qui depuis le d\u00e9but mise sur la qualit\u00e9, avec le soin quotidien de leurs propres vignobles et le respect de la nature.<\/p>\n<p>Apr\u00e8s de nombreuses ann\u00e9es d\u2019exp\u00e9rience dans l\u2019entretien du sol en 2002, nous avons inaugur\u00e9 les installations de la cave.[\/vc_column_text][\/vc_column][\/vc_row][vc_row][vc_column width=\u00a0\u00bb1\/1&Prime;][vc_column_text]Les vins sont \u00e9labor\u00e9s exclusivement \u00e0 partir de nos propres raisins r\u00e9colt\u00e9s dans des vignobles appartenant \u00e0 la famille depuis des g\u00e9n\u00e9rations, obtenant ainsi des vins avec leur identit\u00e9 et leurs propres caract\u00e9ristiques, qui garantissent la r\u00e9gularit\u00e9 et la qualit\u00e9 de nos vins ann\u00e9e apr\u00e8s ann\u00e9e.[\/vc_column_text]<div class=\"single_image wpb_content_element align-left    \" data-animation=\"none\" data-delay=\"0\"><a href=\"https:\/\/fuentenarro.com\/wp-content\/uploads\/2015\/10\/vi\u00f1edo-viejo.png\" class=\"prettyPhoto\" rel=\"prettyPhoto[image]\"><img loading=\"lazy\" decoding=\"async\" width=\"788\" height=\"525\" src=\"https:\/\/fuentenarro.com\/wp-content\/uploads\/2015\/10\/vi\u00f1edo-viejo.png\" class=\"attachment-full\" alt=\"\" title=\"vi\u00f1edo-viejo\" srcset=\"https:\/\/fuentenarro.com\/wp-content\/uploads\/2015\/10\/vi\u00f1edo-viejo.png 788w, https:\/\/fuentenarro.com\/wp-content\/uploads\/2015\/10\/vi\u00f1edo-viejo-300x200.png 300w, https:\/\/fuentenarro.com\/wp-content\/uploads\/2015\/10\/vi\u00f1edo-viejo-768x512.png 768w, https:\/\/fuentenarro.com\/wp-content\/uploads\/2015\/10\/vi\u00f1edo-viejo-600x400.png 600w\" sizes=\"auto, (max-width: 788px) 100vw, 788px\" \/><\/a><\/div>[\/vc_column][\/vc_row]<\/p>\n<\/div>","protected":false},"excerpt":{"rendered":"<p>[vc_row][vc_column][vc_column_text] Histoire [\/vc_column_text][vc_column_text] Bodegas Fuentenarro c\u2019est un petit domaine viticole familial qui fait partie de la prestigieuse appellation d&rsquo;origine Ribera Del Duero. [\/vc_column_text][vc_column_text] Ses origines remontent \u00e0 plus de 90 ans, lorsque nos grands-parents ont commenc\u00e9 \u00e0 planter leurs premiers vignobles dans la municipalit\u00e9 de La Horra, une petite ville de la province de Burgos situ\u00e9e au c\u0153ur de la Ribera del Duero. C\u2019\u00e9tait le d\u00e9but d\u2019une vie consacr\u00e9e au soin de ses vignobles. En ces ann\u00e9es, le vin de cette r\u00e9gion \u00e9tait d\u00e9j\u00e0 la base de l\u2019\u00e9conomie familiale. Avec beaucoup de travail, de d\u00e9vouement et de sagesse, des nouveaux vignobles ont \u00e9t\u00e9 plant\u00e9s, gr\u00e2ce \u00e0 la recherche des meilleures terres et la s\u00e9lection des meilleurs c\u00e9pages pour chaque vignoble. Petit \u00e0 petit, nous transmettions toute l&rsquo;exp\u00e9rience, l&rsquo;amour pour la terre et le respect de la nature, en perp\u00e9tuant cette tradition familiale. [\/vc_column_text][\/vc_column][\/vc_row][vc_row top_padding=\u00a0\u00bb20&Prime; bottom_padding=\u00a0\u00bb20&Prime;][vc_column width=\u00a0\u00bb1\/3&Prime;][\/vc_column][vc_column column_center=\u00a0\u00bbtrue\u00a0\u00bb width=\u00a0\u00bb2\/3&Prime;][vc_column_text] Tous ces efforts ont comme r\u00e9sultat aujourd\u2019hui, Vi\u00f1a Fuentenarro, le vin de notre famille de vignerons, qui depuis le d\u00e9but mise sur la qualit\u00e9, avec le soin quotidien de leurs propres vignobles et le respect de la nature. Apr\u00e8s de nombreuses ann\u00e9es d\u2019exp\u00e9rience dans l\u2019entretien du sol en 2002, nous avons inaugur\u00e9 [&hellip;]<\/p>\n","protected":false},"author":1,"featured_media":0,"parent":0,"menu_order":0,"comment_status":"closed","ping_status":"closed","template":"","meta":{"footnotes":""},"class_list":["post-268","page","type-page","status-publish","hentry"],"yoast_head":"<!-- This site is optimized with the Yoast SEO plugin v24.3 - https:\/\/yoast.com\/wordpress\/plugins\/seo\/ -->\n<title>L&#039;histoire - Bodegas Fuentenarro<\/title>\n<meta name=\"robots\" content=\"index, follow, max-snippet:-1, max-image-preview:large, max-video-preview:-1\" \/>\n<link rel=\"canonical\" href=\"https:\/\/fuentenarro.com\/historia\/\" \/>\n<meta property=\"og:locale\" content=\"fr_FR\" \/>\n<meta property=\"og:type\" content=\"article\" \/>\n<meta property=\"og:title\" content=\"[:es]Historia[:en]History[:fr]L&#039;histoire[:] - Bodegas Fuentenarro\" \/>\n<meta property=\"og:description\" content=\"[vc_row][vc_column][vc_column_text] Histoire [\/vc_column_text][vc_column_text] Bodegas Fuentenarro c\u2019est un petit domaine viticole familial qui fait partie de la prestigieuse appellation d&rsquo;origine Ribera Del Duero. [\/vc_column_text][vc_column_text] Ses origines remontent \u00e0 plus de 90 ans, lorsque nos grands-parents ont commenc\u00e9 \u00e0 planter leurs premiers vignobles dans la municipalit\u00e9 de La Horra, une petite ville de la province de Burgos situ\u00e9e au c\u0153ur de la Ribera del Duero. C\u2019\u00e9tait le d\u00e9but d\u2019une vie consacr\u00e9e au soin de ses vignobles. En ces ann\u00e9es, le vin de cette r\u00e9gion \u00e9tait d\u00e9j\u00e0 la base de l\u2019\u00e9conomie familiale. Avec beaucoup de travail, de d\u00e9vouement et de sagesse, des nouveaux vignobles ont \u00e9t\u00e9 plant\u00e9s, gr\u00e2ce \u00e0 la recherche des meilleures terres et la s\u00e9lection des meilleurs c\u00e9pages pour chaque vignoble. Petit \u00e0 petit, nous transmettions toute l&rsquo;exp\u00e9rience, l&rsquo;amour pour la terre et le respect de la nature, en perp\u00e9tuant cette tradition familiale. [\/vc_column_text][\/vc_column][\/vc_row][vc_row top_padding=\u00a0\u00bb20&Prime; bottom_padding=\u00a0\u00bb20&Prime;][vc_column width=\u00a0\u00bb1\/3&Prime;][\/vc_column][vc_column column_center=\u00a0\u00bbtrue\u00a0\u00bb width=\u00a0\u00bb2\/3&Prime;][vc_column_text] Tous ces efforts ont comme r\u00e9sultat aujourd\u2019hui, Vi\u00f1a Fuentenarro, le vin de notre famille de vignerons, qui depuis le d\u00e9but mise sur la qualit\u00e9, avec le soin quotidien de leurs propres vignobles et le respect de la nature. Apr\u00e8s de nombreuses ann\u00e9es d\u2019exp\u00e9rience dans l\u2019entretien du sol en 2002, nous avons inaugur\u00e9 [&hellip;]\" \/>\n<meta property=\"og:url\" content=\"https:\/\/fuentenarro.com\/historia\/\" \/>\n<meta property=\"og:site_name\" content=\"Bodegas Fuentenarro\" \/>\n<meta property=\"article:modified_time\" content=\"2020-01-23T11:41:00+00:00\" \/>\n<meta name=\"twitter:card\" content=\"summary_large_image\" \/>\n<meta name=\"twitter:label1\" content=\"Dur\u00e9e de lecture estim\u00e9e\" \/>\n\t<meta name=\"twitter:data1\" content=\"7 minutes\" \/>\n<script type=\"application\/ld+json\" class=\"yoast-schema-graph\">{\"@context\":\"https:\/\/schema.org\",\"@graph\":[{\"@type\":\"WebPage\",\"@id\":\"https:\/\/fuentenarro.com\/historia\/\",\"url\":\"https:\/\/fuentenarro.com\/historia\/\",\"name\":\"[:es]Historia[:en]History[:fr]L'histoire[:] - Bodegas Fuentenarro\",\"isPartOf\":{\"@id\":\"https:\/\/fuentenarro.com\/#website\"},\"datePublished\":\"2015-10-16T10:10:31+00:00\",\"dateModified\":\"2020-01-23T11:41:00+00:00\",\"breadcrumb\":{\"@id\":\"https:\/\/fuentenarro.com\/historia\/#breadcrumb\"},\"inLanguage\":\"fr-FR\",\"potentialAction\":[{\"@type\":\"ReadAction\",\"target\":[\"https:\/\/fuentenarro.com\/historia\/\"]}]},{\"@type\":\"BreadcrumbList\",\"@id\":\"https:\/\/fuentenarro.com\/historia\/#breadcrumb\",\"itemListElement\":[{\"@type\":\"ListItem\",\"position\":1,\"name\":\"Portada\",\"item\":\"https:\/\/fuentenarro.com\/\"},{\"@type\":\"ListItem\",\"position\":2,\"name\":\"Historia\"}]},{\"@type\":\"WebSite\",\"@id\":\"https:\/\/fuentenarro.com\/#website\",\"url\":\"https:\/\/fuentenarro.com\/\",\"name\":\"Bodegas Fuentenarro\",\"description\":\"\",\"potentialAction\":[{\"@type\":\"SearchAction\",\"target\":{\"@type\":\"EntryPoint\",\"urlTemplate\":\"https:\/\/fuentenarro.com\/?s={search_term_string}\"},\"query-input\":{\"@type\":\"PropertyValueSpecification\",\"valueRequired\":true,\"valueName\":\"search_term_string\"}}],\"inLanguage\":\"fr-FR\"}]}<\/script>\n<!-- \/ Yoast SEO plugin. -->","yoast_head_json":{"title":"[:es]Historia[:en]History[:fr]L'histoire[:] - Bodegas Fuentenarro","robots":{"index":"index","follow":"follow","max-snippet":"max-snippet:-1","max-image-preview":"max-image-preview:large","max-video-preview":"max-video-preview:-1"},"canonical":"https:\/\/fuentenarro.com\/historia\/","og_locale":"fr_FR","og_type":"article","og_title":"[:es]Historia[:en]History[:fr]L'histoire[:] - Bodegas Fuentenarro","og_description":"[vc_row][vc_column][vc_column_text] Histoire [\/vc_column_text][vc_column_text] Bodegas Fuentenarro c\u2019est un petit domaine viticole familial qui fait partie de la prestigieuse appellation d&rsquo;origine Ribera Del Duero. [\/vc_column_text][vc_column_text] Ses origines remontent \u00e0 plus de 90 ans, lorsque nos grands-parents ont commenc\u00e9 \u00e0 planter leurs premiers vignobles dans la municipalit\u00e9 de La Horra, une petite ville de la province de Burgos situ\u00e9e au c\u0153ur de la Ribera del Duero. C\u2019\u00e9tait le d\u00e9but d\u2019une vie consacr\u00e9e au soin de ses vignobles. En ces ann\u00e9es, le vin de cette r\u00e9gion \u00e9tait d\u00e9j\u00e0 la base de l\u2019\u00e9conomie familiale. Avec beaucoup de travail, de d\u00e9vouement et de sagesse, des nouveaux vignobles ont \u00e9t\u00e9 plant\u00e9s, gr\u00e2ce \u00e0 la recherche des meilleures terres et la s\u00e9lection des meilleurs c\u00e9pages pour chaque vignoble. Petit \u00e0 petit, nous transmettions toute l&rsquo;exp\u00e9rience, l&rsquo;amour pour la terre et le respect de la nature, en perp\u00e9tuant cette tradition familiale. [\/vc_column_text][\/vc_column][\/vc_row][vc_row top_padding=\u00a0\u00bb20&Prime; bottom_padding=\u00a0\u00bb20&Prime;][vc_column width=\u00a0\u00bb1\/3&Prime;][\/vc_column][vc_column column_center=\u00a0\u00bbtrue\u00a0\u00bb width=\u00a0\u00bb2\/3&Prime;][vc_column_text] Tous ces efforts ont comme r\u00e9sultat aujourd\u2019hui, Vi\u00f1a Fuentenarro, le vin de notre famille de vignerons, qui depuis le d\u00e9but mise sur la qualit\u00e9, avec le soin quotidien de leurs propres vignobles et le respect de la nature. Apr\u00e8s de nombreuses ann\u00e9es d\u2019exp\u00e9rience dans l\u2019entretien du sol en 2002, nous avons inaugur\u00e9 [&hellip;]","og_url":"https:\/\/fuentenarro.com\/historia\/","og_site_name":"Bodegas Fuentenarro","article_modified_time":"2020-01-23T11:41:00+00:00","twitter_card":"summary_large_image","twitter_misc":{"Dur\u00e9e de lecture estim\u00e9e":"7 minutes"},"schema":{"@context":"https:\/\/schema.org","@graph":[{"@type":"WebPage","@id":"https:\/\/fuentenarro.com\/historia\/","url":"https:\/\/fuentenarro.com\/historia\/","name":"[:es]Historia[:en]History[:fr]L'histoire[:] - Bodegas Fuentenarro","isPartOf":{"@id":"https:\/\/fuentenarro.com\/#website"},"datePublished":"2015-10-16T10:10:31+00:00","dateModified":"2020-01-23T11:41:00+00:00","breadcrumb":{"@id":"https:\/\/fuentenarro.com\/historia\/#breadcrumb"},"inLanguage":"fr-FR","potentialAction":[{"@type":"ReadAction","target":["https:\/\/fuentenarro.com\/historia\/"]}]},{"@type":"BreadcrumbList","@id":"https:\/\/fuentenarro.com\/historia\/#breadcrumb","itemListElement":[{"@type":"ListItem","position":1,"name":"Portada","item":"https:\/\/fuentenarro.com\/"},{"@type":"ListItem","position":2,"name":"Historia"}]},{"@type":"WebSite","@id":"https:\/\/fuentenarro.com\/#website","url":"https:\/\/fuentenarro.com\/","name":"Bodegas Fuentenarro","description":"","potentialAction":[{"@type":"SearchAction","target":{"@type":"EntryPoint","urlTemplate":"https:\/\/fuentenarro.com\/?s={search_term_string}"},"query-input":{"@type":"PropertyValueSpecification","valueRequired":true,"valueName":"search_term_string"}}],"inLanguage":"fr-FR"}]}},"_links":{"self":[{"href":"https:\/\/fuentenarro.com\/fr\/wp-json\/wp\/v2\/pages\/268","targetHints":{"allow":["GET"]}}],"collection":[{"href":"https:\/\/fuentenarro.com\/fr\/wp-json\/wp\/v2\/pages"}],"about":[{"href":"https:\/\/fuentenarro.com\/fr\/wp-json\/wp\/v2\/types\/page"}],"author":[{"embeddable":true,"href":"https:\/\/fuentenarro.com\/fr\/wp-json\/wp\/v2\/users\/1"}],"replies":[{"embeddable":true,"href":"https:\/\/fuentenarro.com\/fr\/wp-json\/wp\/v2\/comments?post=268"}],"version-history":[{"count":30,"href":"https:\/\/fuentenarro.com\/fr\/wp-json\/wp\/v2\/pages\/268\/revisions"}],"predecessor-version":[{"id":1358,"href":"https:\/\/fuentenarro.com\/fr\/wp-json\/wp\/v2\/pages\/268\/revisions\/1358"}],"wp:attachment":[{"href":"https:\/\/fuentenarro.com\/fr\/wp-json\/wp\/v2\/media?parent=268"}],"curies":[{"name":"wp","href":"https:\/\/api.w.org\/{rel}","templated":true}]}}